{"id":1020,"date":"2017-05-15T20:08:12","date_gmt":"2017-05-15T19:08:12","guid":{"rendered":"http:\/\/svwolfersweiler.de\/blog\/?page_id=1020"},"modified":"2017-05-15T20:19:55","modified_gmt":"2017-05-15T19:19:55","slug":"innovations-cup","status":"publish","type":"page","link":"https:\/\/svwolfersweiler.de\/blog\/veranstaltungen-2\/innovations-cup\/","title":{"rendered":"Innovations-Cup"},"content":{"rendered":"<p style=\"text-align: center;\"><a href=\"https:\/\/svwolfersweiler.de\/blog\/wp-content\/uploads\/2017\/05\/Innovations_Cup_Header.jpg\"><img loading=\"lazy\" decoding=\"async\" class=\"alignright size-full wp-image-1021\" src=\"https:\/\/svwolfersweiler.de\/blog\/wp-content\/uploads\/2017\/05\/Innovations_Cup_Header.jpg\" alt=\"\" height=\"216\" width=\"684\" srcset=\"https:\/\/svwolfersweiler.de\/blog\/wp-content\/uploads\/2017\/05\/Innovations_Cup_Header.jpg 684w, https:\/\/svwolfersweiler.de\/blog\/wp-content\/uploads\/2017\/05\/Innovations_Cup_Header-300x95.jpg 300w\" sizes=\"auto, (max-width: 684px) 100vw, 684px\" \/><\/a>&#8230;unter dem Motto: Neues wagen, Gutes besser machen, konnten uns alle<br \/>\nVereinsmitglieder und Fu\u00dfballbegeisterte ihre Vorschl\u00e4ge einsenden.<br \/>\nF\u00fcr die tolle Teilnahme sagen wir Danke!<\/p>\n<p style=\"text-align: center;\"><strong>Bitte beachten\u2026 w\u00e4hlt bis 31.05. die 3 besten Vorschl\u00e4ge \u00fcber die Umfrage rechts in der Seitenleiste !<\/strong><br \/>\n&nbsp;<br \/>\nDie drei Vorschl\u00e4ge mit den meisten Stimmen, werden wir im Rahmen<br \/>\ndes diesj\u00e4hrigen Sportfestes (30.06 \u2013 02.07) pr\u00e4mieren und zeitnah zur<br \/>\nUmsetzung bringen.<\/p>\n<h2 style=\"text-align: center;\">Ihr wollt mehr \u00fcber die Themen erfahren ?<\/h2>\n<p style=\"text-align: center;\">Dann schaut euch einfach nochmal die Flyer<br \/>\nder einzelnen Auswahlm\u00f6glichkeiten an:<\/p>\n<ul>\n<li style=\"text-align: center;\"><a href=\"https:\/\/svwolfersweiler.de\/blog\/wp-content\/uploads\/2017\/05\/Beachsoccer.pdf\">Beachsoccer<\/a><\/li>\n<li style=\"text-align: center;\"><a href=\"https:\/\/svwolfersweiler.de\/blog\/wp-content\/uploads\/2017\/05\/Club-Dart-Championship.pdf\">Club Dart Championship<\/a><\/li>\n<li style=\"text-align: center;\"><a href=\"https:\/\/svwolfersweiler.de\/blog\/wp-content\/uploads\/2017\/05\/Fan-Artikel.pdf\">Fan Artikel<\/a><\/li>\n<li style=\"text-align: center;\"><a href=\"https:\/\/svwolfersweiler.de\/blog\/wp-content\/uploads\/2017\/05\/Fu\u00dfballabzeichen.pdf\">Fu\u00dfballabzeichen<\/a><\/li>\n<li style=\"text-align: center;\"><a href=\"https:\/\/svwolfersweiler.de\/blog\/wp-content\/uploads\/2017\/05\/Fu\u00dfballcamp.pdf\">Fu\u00dfballcamp<\/a><\/li>\n<li style=\"text-align: center;\"><a href=\"https:\/\/svwolfersweiler.de\/blog\/wp-content\/uploads\/2017\/05\/Minigolf.pdf\">Minigolf<\/a><\/li>\n<li style=\"text-align: center;\"><a href=\"https:\/\/svwolfersweiler.de\/blog\/wp-content\/uploads\/2017\/05\/Schock-Meister.pdf\">Schock Meister<\/a><\/li>\n<li style=\"text-align: center;\"><a href=\"https:\/\/svwolfersweiler.de\/blog\/wp-content\/uploads\/2017\/05\/Superschu\u00df.pdf\">Superschu\u00df<\/a><\/li>\n<li style=\"text-align: center;\"><a href=\"https:\/\/svwolfersweiler.de\/blog\/wp-content\/uploads\/2017\/05\/Tor-des-Monats.pdf\">Tor des Monats<\/a><\/li>\n<li style=\"text-align: center;\"><a href=\"https:\/\/svwolfersweiler.de\/blog\/wp-content\/uploads\/2017\/05\/Unsere-Sponsoren.pdf\">Unsere Sponsoren<\/a><\/li>\n<\/ul>\n<p style=\"text-align: center;\">Hier findet ihr alle Themen in einer Datei:<\/p>\n<ul>\n<li style=\"text-align: center;\"><a href=\"https:\/\/svwolfersweiler.de\/blog\/wp-content\/uploads\/2017\/05\/Innovations_Cup_komplett.pdf\">Innovations_Cup_komplett<\/a><\/li>\n<\/ul>\n","protected":false},"excerpt":{"rendered":"<p>&#8230;unter dem Motto: Neues wagen, Gutes besser machen, konnten uns alle Vereinsmitglieder und Fu\u00dfballbegeisterte ihre Vorschl\u00e4ge einsenden. F\u00fcr die tolle Teilnahme sagen wir Danke! Bitte beachten\u2026 w\u00e4hlt bis 31.05. die 3 besten Vorschl\u00e4ge \u00fcber die Umfrage rechts in der Seitenleiste ! &nbsp; Die drei Vorschl\u00e4ge mit den meisten Stimmen, werden wir im Rahmen des diesj\u00e4hrigen Sportfestes (30.06 \u2013 02.07) pr\u00e4mieren und zeitnah zur Umsetzung bringen. Ihr wollt mehr \u00fcber die Themen erfahren ? Dann schaut euch einfach nochmal die Flyer der einzelnen Auswahlm\u00f6glichkeiten an: Beachsoccer Club Dart Championship Fan Artikel Fu\u00dfballabzeichen Fu\u00dfballcamp Minigolf Schock Meister Superschu\u00df Tor des Monats Unsere Sponsoren Hier findet ihr alle Themen in einer Datei: Innovations_Cup_komplett<\/p>\n","protected":false},"author":1,"featured_media":0,"parent":224,"menu_order":0,"comment_status":"closed","ping_status":"closed","template":"","meta":{"_crdt_document":"","footnotes":""},"class_list":["post-1020","page","type-page","status-publish","hentry"],"_links":{"self":[{"href":"https:\/\/svwolfersweiler.de\/blog\/wp-json\/wp\/v2\/pages\/1020","targetHints":{"allow":["GET"]}}],"collection":[{"href":"https:\/\/svwolfersweiler.de\/blog\/wp-json\/wp\/v2\/pages"}],"about":[{"href":"https:\/\/svwolfersweiler.de\/blog\/wp-json\/wp\/v2\/types\/page"}],"author":[{"embeddable":true,"href":"https:\/\/svwolfersweiler.de\/blog\/wp-json\/wp\/v2\/users\/1"}],"replies":[{"embeddable":true,"href":"https:\/\/svwolfersweiler.de\/blog\/wp-json\/wp\/v2\/comments?post=1020"}],"version-history":[{"count":12,"href":"https:\/\/svwolfersweiler.de\/blog\/wp-json\/wp\/v2\/pages\/1020\/revisions"}],"predecessor-version":[{"id":1046,"href":"https:\/\/svwolfersweiler.de\/blog\/wp-json\/wp\/v2\/pages\/1020\/revisions\/1046"}],"up":[{"embeddable":true,"href":"https:\/\/svwolfersweiler.de\/blog\/wp-json\/wp\/v2\/pages\/224"}],"wp:attachment":[{"href":"https:\/\/svwolfersweiler.de\/blog\/wp-json\/wp\/v2\/media?parent=1020"}],"curies":[{"name":"wp","href":"https:\/\/api.w.org\/{rel}","templated":true}]}}