{"id":1440,"date":"2018-03-10T08:54:13","date_gmt":"2018-03-10T07:54:13","guid":{"rendered":"http:\/\/svwolfersweiler.de\/blog\/?page_id=1440"},"modified":"2022-03-06T08:25:08","modified_gmt":"2022-03-06T07:25:08","slug":"fan-artikel","status":"publish","type":"page","link":"https:\/\/svwolfersweiler.de\/blog\/verein\/fan-artikel\/","title":{"rendered":"Online-Fan-Shop"},"content":{"rendered":"<p>Die SG NoWo hat einen eigenen <strong><a href=\"https:\/\/sg-nohfelden-wolfersweiler.fan12.de\/\" target=\"_blank\" rel=\"noopener\">Online-Fan-Shop<\/a><\/strong>. Zusammen mit dem Anbieter Fan12 konnte ein super Angebot erstellt werden.<\/p>\n<p>Im Shop findet ihr eine riesige Auswahl an Herrenkleidung, Damenkleidung, Kinderkleidung, Accessoires, Sportbekleidung sowie Gutscheine. Auf diesen Artikeln ist unser SG NOWO-Logo aufgedruckt. Weitere Individualisierungen wie Name, Initialen, Nummern und auch weitere Logos sind ebenso bei vielen Produkten m\u00f6glich. Bei den Sportartikeln findet ihr auch die bekanntesten Sportmarken, wie z.B. Nike, Adidas uvm.<\/p>\n<p>Um die erfolgreiche Er\u00f6ffnung mit euch zu feiern, habt ihr in den ersten 14 Tage auch die M\u00f6glichkeit mit dem Rabattcode \u201estart15-20188\u201c 15% Rabatt auf den Gesamtbeitrag (au\u00dfer Gutscheine) zu erhalten (g\u00fcltig bis 11.03.2022)<\/p>\n<p>Der Versand erfolgt CO2-neutral und ist ab 75 \u20ac kostenfrei. Also schaut euch das Ganze mal an und klickt euch in Ruhe durch die gro\u00dfe Auswahl an tollen Fanartikeln.<br \/>\nWir freuen uns, euch mit den Fanartikeln auf dem Sportplatz begr\u00fc\u00dfen zu k\u00f6nnen.<\/p>\n","protected":false},"excerpt":{"rendered":"<p>Die SG NoWo hat einen eigenen Online-Fan-Shop. Zusammen mit dem Anbieter Fan12 konnte ein super Angebot erstellt werden. Im Shop findet ihr eine riesige Auswahl an Herrenkleidung, Damenkleidung, Kinderkleidung, Accessoires, Sportbekleidung sowie Gutscheine. Auf diesen Artikeln ist unser SG NOWO-Logo aufgedruckt. Weitere Individualisierungen wie Name, Initialen, Nummern und auch weitere Logos sind ebenso bei vielen Produkten m\u00f6glich. Bei den Sportartikeln findet ihr auch die bekanntesten Sportmarken, wie z.B. Nike, Adidas uvm. Um die erfolgreiche Er\u00f6ffnung mit euch zu feiern, habt ihr in den ersten 14 Tage auch die M\u00f6glichkeit mit dem Rabattcode \u201estart15-20188\u201c 15% Rabatt auf den Gesamtbeitrag (au\u00dfer Gutscheine) zu erhalten (g\u00fcltig bis 11.03.2022) Der Versand erfolgt CO2-neutral und ist ab 75 \u20ac kostenfrei. Also schaut euch das Ganze mal an und klickt euch in Ruhe durch die gro\u00dfe Auswahl an tollen Fanartikeln. Wir freuen uns, euch mit den Fanartikeln auf dem Sportplatz begr\u00fc\u00dfen zu k\u00f6nnen.<\/p>\n","protected":false},"author":1,"featured_media":0,"parent":19,"menu_order":0,"comment_status":"closed","ping_status":"closed","template":"","meta":{"_crdt_document":"","footnotes":""},"class_list":["post-1440","page","type-page","status-publish","hentry"],"_links":{"self":[{"href":"https:\/\/svwolfersweiler.de\/blog\/wp-json\/wp\/v2\/pages\/1440","targetHints":{"allow":["GET"]}}],"collection":[{"href":"https:\/\/svwolfersweiler.de\/blog\/wp-json\/wp\/v2\/pages"}],"about":[{"href":"https:\/\/svwolfersweiler.de\/blog\/wp-json\/wp\/v2\/types\/page"}],"author":[{"embeddable":true,"href":"https:\/\/svwolfersweiler.de\/blog\/wp-json\/wp\/v2\/users\/1"}],"replies":[{"embeddable":true,"href":"https:\/\/svwolfersweiler.de\/blog\/wp-json\/wp\/v2\/comments?post=1440"}],"version-history":[{"count":12,"href":"https:\/\/svwolfersweiler.de\/blog\/wp-json\/wp\/v2\/pages\/1440\/revisions"}],"predecessor-version":[{"id":2361,"href":"https:\/\/svwolfersweiler.de\/blog\/wp-json\/wp\/v2\/pages\/1440\/revisions\/2361"}],"up":[{"embeddable":true,"href":"https:\/\/svwolfersweiler.de\/blog\/wp-json\/wp\/v2\/pages\/19"}],"wp:attachment":[{"href":"https:\/\/svwolfersweiler.de\/blog\/wp-json\/wp\/v2\/media?parent=1440"}],"curies":[{"name":"wp","href":"https:\/\/api.w.org\/{rel}","templated":true}]}}