{"id":19,"date":"2010-04-27T21:11:01","date_gmt":"2010-04-27T20:11:01","guid":{"rendered":"http:\/\/svwolfersweiler.de\/blog\/?page_id=19"},"modified":"2019-02-12T13:24:04","modified_gmt":"2019-02-12T12:24:04","slug":"verein","status":"publish","type":"page","link":"https:\/\/svwolfersweiler.de\/blog\/verein\/","title":{"rendered":"Verein"},"content":{"rendered":"<p><strong>Chronik des SV Wolfersweiler e. V.<br \/>\n1919 \u2013 2009<\/strong><\/p>\n<p><strong><br \/>\n1919<\/strong><br \/>\nUnmittelbar nach dem 1. Weltkrieg, am 19. November 1919 gr\u00fcndete der Lehrer<br \/>\nBartholome mit einigen fu\u00dfballbegeisterten jungen Leuten den Sportverein Wolfers-weiler um den Fu\u00dfballsport in organisierter Form zu betreiben. Da kein Sportplatz vorhanden war wurden Tore auf Wiesen aufgestellt.<\/p>\n<p><strong>1920<\/strong><br \/>\nGr\u00fcndung einer Leichtathletikabteilung die mit ca. 20 Aktiven sehr erfolgreich an<br \/>\nWettk\u00e4mpfen und Sportfesten teilnahm.<\/p>\n<p><strong>1921<\/strong><br \/>\nBeginn der Verbandsspiele.<br \/>\nAls Vereinslokal w\u00e4hlten die Mitglieder das Gasthaus Fries.<br \/>\n<strong><br \/>\n1922<\/strong><br \/>\nIm Mai fand das erste Sportfest des noch jungen Vereines statt. Der Gemeinderat<br \/>\nf\u00fchrte mit dem Musikverein den Festzug zur Sportst\u00e4tte an.<\/p>\n<p><strong>1924<\/strong><br \/>\nDer Sportverein erringt seine erste Meisterschaft in der C-Klasse Nahe.<\/p>\n<p><strong>1926<\/strong><br \/>\nNur 2 Jahre nach dem Aufstieg in die B-Klasse Nahe errang der Verein die Meister-schaft und stieg in die A-Klasse auf.<\/p>\n<p><strong>1927<\/strong><br \/>\nZu den Spielen in der A-Klasse im Spieljahr 1926-27 mussten Fahrten bis Waldb\u00f6ckelheim angetreten werden. Die Strecken wurden mit dem Fahrrad oder mit der Bahn ab Nohfelden durchgef\u00fchrt. Bei Bahnfahrten ging`s zu Fu\u00df nach Nohfel-den. Bei solchen Spielen war man von morgens 9.00 Uhr bis zum sp\u00e4ten Abend unterwegs. Da diese Fahrten finanziell auf Dauer nicht tragbar waren, schied die Mannschaft trotz eines guten Mittelfeldplatzes nach Ende der Saison freiwillig aus<br \/>\nder A-Klasse aus.<\/p>\n<p><strong>1929<\/strong><br \/>\nDa die Gefahr bestand, dass das Gel\u00e4nde an der Alten Stra\u00dfe (heutiger Kirmesplatz) als Bauland genutzt werden sollte, beantragte der Sportverein beim Gemeinderat die<br \/>\n\u00dcberlassung des Gel\u00e4ndes im Rahmen eines Pachtvertrages bzw. die Zuweisung eines anderen Gel\u00e4ndes zur Errichtung eines neuen Sportplatzes. Nachdem der Vor-schlag des Gemeinderates auf Bereitstellung von Gel\u00e4nde im Gebiet Wellwiese zur\u00fcckgewiesen war, konnte der Sportverein weiterhin den Platz an der Alten Stra\u00dfe nutzen.<\/p>\n<p><strong>1930 \u2013 1944<\/strong><br \/>\nMitte der 30er Jahre wurde zu den beiden Aktiven Mannschaften eine Jugendmann-schaft zu den Verbandsspielen gemeldet. Diese spielte recht erfolgreich.<br \/>\nDer Spielbetrieb wurde auf Grund des 2. Weltkrieges eingestellt. Die Vereinst\u00e4tigkeit lief bis 1943 weiter.<\/p>\n<p><strong>1945<\/strong><br \/>\nIm Oktober 1945, f\u00fcnf Monate nach Beendigung des Krieges, trafen sich trotz Ver-sammlungsverbot der franz. Milit\u00e4rregierung junge Leute in einer geheimen Sitzung bei Willi Holler. Dem Antrag zur Wiederaufnahme der Vereinst\u00e4tigkeit wurde im<br \/>\nNovember 1945 entsprochen. Als 1. Vorsitzender stellte sich kommisarisch der sp\u00e4tere B\u00fcrgermeister Jakob K\u00fcntzer zur Verf\u00fcgung.<\/p>\n<p><strong>1946 \u2013 1950<\/strong><br \/>\nVon 1946 \u2013 1949 war Josef Ha\u00dfdenteufel 1. Vorsitzender des Vereines. Er wurde von Ernst Gei\u00df abgel\u00f6st, dem 1950 Willi Holler als 1. Vorsitzender folgte. Am 15.07.1950 trat Willi Holler als Vorsitzender zur\u00fcck. Bei Neuwahlen am 05.08.1950 wurde Emil Herz als 1. Vorsitzender gew\u00e4hlt.<br \/>\nDa es im sportlichen Bereich an allen Ecken und Enden fehlte musste improvisiert werden. Durch den Tausch von Naturalien gegen B\u00e4lle und Schuhe konnte der Verein Schritt f\u00fcr Schritt aufgebaut werden. Die Baracken, die auf dem Sportplatz f\u00fcr Kriegsgefangene aufgebaut waren, wurden in eigener Regie abgerissen damit der Ball wieder rollen konnte.<br \/>\nIn diese Zeit fielen auch die Gr\u00fcndung einer Damenhandballmannschaft und einer Schachgruppe, welche sich nach kurzer Zeit jedoch wieder aufl\u00f6sten. Durch die Gr\u00fcndung einer Theatergruppe wurde die Kasse durch Auff\u00fchrungen von Theaterst\u00fccken aufgebessert.<br \/>\nDie Fu\u00dfballer errangen in der Saison 1949\/50 die erste Nachkriegsmeisterschaft in der 2. Kreisklasse Namborn. Das entscheidende Spiel wurde mit 2 : 1 gegen die \u201eGrombiermannschaft\u201c aus Asweiler gewonnen.<\/p>\n<p><strong>1952<\/strong><br \/>\nNach mehreren Sitzungen und Gespr\u00e4chen wurde der Monatsbeitrag auf<br \/>\n0,50 DM (0,26 Cent) festgelegt.<\/p>\n<p><strong>1959<\/strong><br \/>\nGr\u00fcndung einer Sch\u00fclermannschaft.<br \/>\nPlan einer Umkleidekabine am Sportplatz. Die Gemeinde stellt das Gel\u00e4nde \u201eAm Schafstall\u201c zum Bau eines Sportplatzes zur Verf\u00fcgung. Die Baukosten belaufen sich auf 3 Millionen Franc.<\/p>\n<p><strong>1960<\/strong><br \/>\nOswald Wommer wird am 17.01.1960 zum 1. Vorsitzenden gew\u00e4hlt.<br \/>\nAm 12.06.1960 wird der neue Sportplatz \u201eAm Schafstall\u201c eingeweiht.<\/p>\n<p><strong>1961<\/strong><br \/>\nIn diesem Jahr wird eine 2. Mannschaft zur Teilnahme an den Verbandsspielen gemeldet. Baubeginn f\u00fcr die Umkleidekabine mit Dusche am Sportplatz.<\/p>\n<p><strong>1962<\/strong><br \/>\nGr\u00fcndung einer Schie\u00dfabteilung.<\/p>\n<p><strong>1963<\/strong><br \/>\nArnold Weber wird zum 1. Vorsitzenden gew\u00e4hlt.<br \/>\nDer Sportverein wird ins Vereinsregister eingetragen.<\/p>\n<p><strong>1964<\/strong><br \/>\nKurt Strack l\u00f6st Arnold Weber als 1. Vorsitzender ab.<\/p>\n<p><strong>1966<\/strong><br \/>\nOswald Wommer \u00fcbernimmt zum zweiten mal die Leitung des Vereines. Die A-Jugend gewinnt von 1966 \u2013 1968 in Folge den Gemeindewanderpokal und darf diesen danach behalten.<\/p>\n<p><strong>1969<\/strong><br \/>\nDer Verein feiert unter seinem Vorsitzenden Werner Pfeiffer nicht nur sein 50j\u00e4hriges Bestehen, sondern auch die Meisterschaft in der C-Klasse S\u00f6tern und den damit ver-bundenen Aufstieg in die B-Klasse Schaumberg.<\/p>\n<p><strong>1971<\/strong><br \/>\nDie B-Jugend wird in der Saison 1970\/71 Vizesaarlandmeister.<br \/>\nAm 17. Juni wird erstmals der Vereinswandertag durchgef\u00fchrt. Der Wandertag ist auch heute noch fester Bestandteil des Vereinslebens.<\/p>\n<p><strong>1973<\/strong><br \/>\nAls neues Vereinslokal wird die Gastst\u00e4tte von Gustav Alt gew\u00e4hlt.<\/p>\n<p><strong>1974<\/strong><br \/>\nDie erste Mannschaft gewinnt den Gemeindewanderpokal.<\/p>\n<p><strong>1975<\/strong><br \/>\nMit Marliese Schweig wird am 19.01.1975 erstmals eine Frau zur 1. Vorsitzenden gew\u00e4hlt.<\/p>\n<p><strong>1976<\/strong><br \/>\nIn der Generalversammlung am 15.02.1976 wird Norbert Pabst zum 1. Vorsitzenden gew\u00e4hlt.<\/p>\n<p><strong>1977<\/strong><br \/>\nDie erste Mannschaft wird Meister der B-Klasse \u2013Schaumberg und steigt in die<br \/>\nA-Klasse Nord auf.<\/p>\n<p><strong>1978<\/strong><br \/>\nNach 1974 und 1977 gewinnt die erste Mannschaft zum dritten Mal den Gemeinde-wanderpokal, der damit in den Besitz des Vereines \u00fcbergeht.<br \/>\nZur Verbesserung der Trainingsbedingungen wird eine Flutlichtanlage gebaut.<\/p>\n<p><strong>1979<\/strong><br \/>\nBaubeginn des neuen Sportheimes mit Umkleidekabine.<br \/>\nErstmals wird das Turnier \u201eUnser Dorf spielt Fu\u00dfball\u201c ausgetragen.<br \/>\nDie erste Mannschaft steigt aus der A-Klasse Nord ab.<\/p>\n<p><strong>1980<\/strong><br \/>\nMit dem ersten Pflichtspiel nach der Winterpause wird am 02.03.1980 das Sportheim in Betrieb genommen.<\/p>\n<p><strong>1981<\/strong><br \/>\nErstes Hallenturnier f\u00fcr E-Jugend-Mannschaften in Wolfersweiler. Bei dem Turnier<br \/>\n\u201eUnser Dorf spielt Fu\u00dfball\u201c wird die Rekordbeteiligung von 15 Herren- und 5 Damen-mannschaften erreicht. 10 Jahre Wandertag konnten am 17. Juni gefeiert werden.<\/p>\n<p><strong>1982<\/strong><br \/>\nNeues Vereinslokal wird das Gasthaus Fritz Becker. In den Gruppenspielen erreicht die C-Jugend die Meisterschaft. Recht erfolgreich spielt in dieser Saison die Damen-handballmannschaft.<\/p>\n<p><strong>1983<\/strong><br \/>\nDie 1. Mannschaft steigt in die Kreisliga B ab. Ernst Thiel wird als Spielertrainer verpflichtet und l\u00f6st G\u00fcnter Heylmann ab.<\/p>\n<p><strong>1984<\/strong><br \/>\nDie 1. und 2. Mannschaft werden Meister. Neuer Trainer wird Theo Dewes.<\/p>\n<p><strong>1986 \u2013 1988<\/strong><br \/>\nFranz Josef Zierhut wird neuer Trainer. Die Sportplatzdecke wird erneuert. Eine Hobbymannschaft wird in den Verein aufgenommen. Die 1. Mannschaft steigt aus der Kreisliga A ab.<\/p>\n<p><strong>1990 \u2013 1992<\/strong><br \/>\nKlaus M\u00fcller \u00fcbernimmt das Training der Aktivenmannschaften. Es gr\u00fcndet sich ein F\u00f6rderverein dessen erster Vorsitzender Fred Walter Schank wird. Die 2. Mannschaft erringt die Meisterschaft.<\/p>\n<p><strong>1993<\/strong><br \/>\nDas langj\u00e4hrige Vorstandsmitglied Gerd Schmidt \u00fcbernimmt die Vereinsf\u00fchrung.<br \/>\nIn diesem Jahr verliert der Verein innerhalb weniger Monate seinen Ehrenvor-sitzenden Norbert Pabst, die langj\u00e4hrigen Vorstandsmitglieder Gerd Strack und Martin Weiler sowie den Betreuer der 1. Mannschaft Kurt Bruch.<\/p>\n<p><strong>1994<\/strong><br \/>\nIm Juli feierte der Verein w\u00e4hrend einer Sportwerbewoche sein 75j\u00e4hriges Bestehen. Neuer Trainer wird Hartmut Schweig.<\/p>\n<p><strong>1995<\/strong><br \/>\nIn einem Entscheidungsspiel um die Meisterschaft besiegt die 1. Mannschaft vor 1800 Zuschauern in T\u00fcrkism\u00fchle die Mannschaft aus S\u00f6tern nach Verl\u00e4ngerung mit 5 : 2 und steigt in die Kreisliga A auf.<br \/>\nDie alte Umkleidekabine wird umgebaut. Es entstehen ein K\u00fchlhaus, eine K\u00fcche und der VIP-Raum.<\/p>\n<p><strong>1996<\/strong><br \/>\nDie 1. Mannschaft entgeht nur knapp dem Abstieg aus der Kreisliga A.<\/p>\n<p><strong>1998<\/strong><br \/>\nAndreas Herz wird Trainer, R\u00fcckkehr der bei anderen Vereinen spielenden Eigengew\u00e4chse.<\/p>\n<p><strong>1999<\/strong><br \/>\nBau der \u00dcberdachung vor dem Sportheim mit Unterst\u00fctzung der Firma Litz.<br \/>\nDie 1. Mannschaft wird Meister der Kreisliga A-Schaumberg.<br \/>\nHeylmann G\u00fcnther wird zum 1. Vorsitzenden gew\u00e4hlt.<\/p>\n<p><strong>2000<\/strong><br \/>\nVizemeisterschaft in der Bezirksliga<\/p>\n<p><strong>2001<\/strong><br \/>\nDas Entscheidungsspiel um die Meisterschaft in der Bezirksliga wird in Namborn gegen Hofeld mit 3 : 0 verloren.<\/p>\n<p><strong>2002<\/strong><br \/>\nNach 2 Vizemeisterschaften wird \u00fcberzeugend die Meisterschaft in der Bezirksliga Nord errungen. Der SVW steigt erstmals in seiner Vereinsgeschichte in die zweit-h\u00f6chste saarl\u00e4ndische Spielklasse auf.<\/p>\n<p><strong>2003<\/strong><br \/>\nDie 1. Mannschaft erreicht als Neuling den 12. Platz in der Landesliga Nordost. Ab M\u00e4rz \u00fcbernahmen K. Dworowy und F.J. Johann den Trainerposten.<br \/>\nGerd Schmidt wird zum 1. Vorsitzenden gew\u00e4hlt.<\/p>\n<p><strong>2004<\/strong><br \/>\nNeuer Trainer wird Christoph Hassdenteufel. Nach zweij\u00e4hriger Zugeh\u00f6rigkeit steigt die 1. Mannschaft als 15. der Abschlusstabelle in die Bezirksliga Nord ab.<\/p>\n<p><strong>2005<\/strong><br \/>\nManfred Bick wird neuer 1. Vorsitzender des Vereines.<br \/>\nUnter Leitung von J\u00f6rn Herz beginnt die Planung f\u00fcr den Umbau des Tennenplatzes in einen Kunstrasenplatz.<\/p>\n<p><strong>2006<\/strong><br \/>\nNach viermonatiger Bauzeit wird am 02. Juli 2006 im Rahmen eines \u00f6kumenischen Gottesdienstes der neue Kunstrasenplatz feierlich eingeweiht.<br \/>\nMarco Heinrich wird als Trainer verpflichtet.<br \/>\n<strong><br \/>\n2007<\/strong><br \/>\nNeben M. Heinrich wird Heiko Loch als Co-Trainer gewonnen. Gewinn des Gemeindepokales gegen Walhausen.<\/p>\n<p><strong>2008<\/strong><br \/>\nErneuter Gewinn des Gemeindepokales gegen Walhausen.<\/p>\n<p><strong>2009<\/strong><br \/>\nDer SVW feiert seinen 90. Geburtstag.<\/p>\n<p>In Bearbeitung &#8230;<\/p>\n","protected":false},"excerpt":{"rendered":"<p>Chronik des SV Wolfersweiler e. V. 1919 \u2013 2009 1919 Unmittelbar nach dem 1. Weltkrieg, am 19. November 1919 gr\u00fcndete der Lehrer Bartholome mit einigen fu\u00dfballbegeisterten jungen Leuten den Sportverein Wolfers-weiler um den Fu\u00dfballsport in organisierter Form zu betreiben. Da kein Sportplatz vorhanden war wurden Tore auf Wiesen aufgestellt. 1920 Gr\u00fcndung einer Leichtathletikabteilung die mit ca. 20 Aktiven sehr erfolgreich an Wettk\u00e4mpfen und Sportfesten teilnahm. 1921 Beginn der Verbandsspiele. Als Vereinslokal w\u00e4hlten die Mitglieder das Gasthaus Fries. 1922 Im Mai fand das erste Sportfest des noch jungen Vereines statt. Der Gemeinderat f\u00fchrte mit dem Musikverein den Festzug zur Sportst\u00e4tte an. 1924 Der Sportverein erringt seine erste Meisterschaft in der C-Klasse Nahe. 1926 Nur 2 Jahre nach dem Aufstieg in die B-Klasse Nahe errang der Verein die Meister-schaft und stieg in die A-Klasse auf. 1927 Zu den Spielen in der A-Klasse im Spieljahr 1926-27 mussten Fahrten bis Waldb\u00f6ckelheim angetreten werden. Die&#8230;<br \/><a class=\"read-more-button\" href=\"https:\/\/svwolfersweiler.de\/blog\/verein\/\">Read more<\/a><\/p>\n","protected":false},"author":1,"featured_media":0,"parent":0,"menu_order":1,"comment_status":"closed","ping_status":"closed","template":"","meta":{"_crdt_document":"","footnotes":""},"class_list":["post-19","page","type-page","status-publish","hentry"],"_links":{"self":[{"href":"https:\/\/svwolfersweiler.de\/blog\/wp-json\/wp\/v2\/pages\/19","targetHints":{"allow":["GET"]}}],"collection":[{"href":"https:\/\/svwolfersweiler.de\/blog\/wp-json\/wp\/v2\/pages"}],"about":[{"href":"https:\/\/svwolfersweiler.de\/blog\/wp-json\/wp\/v2\/types\/page"}],"author":[{"embeddable":true,"href":"https:\/\/svwolfersweiler.de\/blog\/wp-json\/wp\/v2\/users\/1"}],"replies":[{"embeddable":true,"href":"https:\/\/svwolfersweiler.de\/blog\/wp-json\/wp\/v2\/comments?post=19"}],"version-history":[{"count":5,"href":"https:\/\/svwolfersweiler.de\/blog\/wp-json\/wp\/v2\/pages\/19\/revisions"}],"predecessor-version":[{"id":1782,"href":"https:\/\/svwolfersweiler.de\/blog\/wp-json\/wp\/v2\/pages\/19\/revisions\/1782"}],"wp:attachment":[{"href":"https:\/\/svwolfersweiler.de\/blog\/wp-json\/wp\/v2\/media?parent=19"}],"curies":[{"name":"wp","href":"https:\/\/api.w.org\/{rel}","templated":true}]}}