{"id":2,"date":"2010-03-17T20:08:06","date_gmt":"2010-03-17T19:08:06","guid":{"rendered":"http:\/\/svwolfersweiler.de\/blog\/index.php?page_id=2"},"modified":"2024-02-23T07:19:37","modified_gmt":"2024-02-23T06:19:37","slug":"about","status":"publish","type":"page","link":"https:\/\/svwolfersweiler.de\/blog\/verein\/about\/","title":{"rendered":"Impressum"},"content":{"rendered":"\n<div class=\"wp-block-group\"><div class=\"wp-block-group__inner-container is-layout-constrained wp-block-group-is-layout-constrained\">\n<table>\n<tbody>\n<tr style=\"height: 127px;\">\n<td style=\"height: 127px;\" width=\"205\"><strong><u>Anschrift:<\/u><\/strong><\/td>\n<td style=\"height: 127px;\" colspan=\"2\" width=\"409\"><strong>Sportverein Wolfersweiler e.V.<\/strong><br \/>\nR\u00f6merstra\u00dfe 35<br \/>\n66625 Wolfersweiler<br \/>\nTel.: 06852 \/ 7485<\/td>\n<\/tr>\n<tr style=\"height: 153px;\">\n<td style=\"height: 153px;\" width=\"205\"><strong><u>Vertretungsberechtigte des Vereins<\/u><\/strong><\/td>\n<td style=\"height: 153px;\" width=\"205\"><strong>1. Vorsitzender<br \/>\n<\/strong>Position aktuell unbesetzt<\/td>\n<td style=\"height: 153px;\" width=\"205\"><strong>Gesch\u00e4ftsf\u00fchrer<br \/>\n<\/strong>J\u00f6rn Herz<br \/>\nFronbachstra\u00dfe 6<br \/>\n66625 Wolfersweiler<br \/>\nTel.: 06852\/903063<br \/>\nEmail: info (at) svwolfersweiler.de<\/td>\n<\/tr>\n<tr style=\"height: 36px;\">\n<td style=\"height: 36px;\" width=\"205\"><strong><u>Vereinsregister:<\/u><\/strong><\/td>\n<td style=\"height: 36px;\" colspan=\"2\" width=\"409\">eingetragen im Vereinsregister, Amtsgericht St.Wendel, Nr. 528<\/td>\n<\/tr>\n<tr style=\"height: 54px;\">\n<td style=\"height: 54px;\" width=\"205\"><strong><u>Steuernummer:<\/u><\/strong><\/td>\n<td style=\"height: 54px;\" colspan=\"2\" width=\"409\">Finanzamt St.Wendel, Nr. 060\/14006050<\/td>\n<\/tr>\n<tr style=\"height: 20px;\">\n<td style=\"height: 20px;\" width=\"205\"><strong><u>Vereinsnummer:<\/u><\/strong><\/td>\n<td style=\"height: 20px;\" colspan=\"2\" width=\"409\">43141980<\/td>\n<\/tr>\n<tr style=\"height: 122.9px;\">\n<td style=\"height: 122.9px;\" width=\"205\"><span style=\"text-decoration: underline;\"><strong>Verantwortliche Homepage:<\/strong><\/span><\/td>\n<td style=\"height: 122.9px;\" width=\"205\">J\u00f6rn Herz<br \/>\nFronbachstra\u00dfe 6<br \/>\n66625 Wolfersweiler<br \/>\nTel.: 06852 \/ 90 30 63<br \/>\nEmail: info (at) svwolferweiler.de<\/td>\n<td style=\"height: 122.9px;\" width=\"205\">Lars Martin<br \/>\nJakob-K\u00fcntzer-Str. 5<br \/>\n66625 Wolfersweiler<br \/>\nTel.: 06852\/991530<br \/>\nEmail: larsmartin (at) svwolfersweiler.de<\/td>\n<\/tr>\n<\/tbody>\n<\/table>\n<p>Bei Fragen rund um die Homepage wenden Sie sich bitte an die Verantwortlichen.<\/p>\n<p>Bei speziellen Fragen rund um den Verein k\u00f6nnen sie auch im Vorstandsverzeichnis ihren direkten Ansprechpartner kontaktieren<\/p>\n<p><span style=\"text-decoration: underline;\">Haftungsauschluss<\/span><\/p>\n<p>Das Landgericht Hamburg hat mit dem Urteil vom 12.05.1998 entschieden, da\u00df man durch die Ausbringung eines Links die Inhalte der gelinkten Seite ggf. mit zu verantworten hat. Dies kann &#8211; so das LG &#8211; nur dadurch verhindert werden, da\u00df man sich ausdr\u00fccklich von diesen Inhalten distanziert. Da wir auf unserer Webseite direkte Links zu anderen Seiten im Internet setzen, distanzieren wir uns hiermit offiziell von deren Inhalten, da wir keinerlei Einflu\u00df auf die Gestaltung und die Inhalte der gelinkten Seiten haben. Diese Erkl\u00e4rung gilt f\u00fcr alle auf unserer Homepage ausgebrachten Links (inkl. Unterseiten) und f\u00fcr alle Inhalte der Seiten, zu denen Links oder Banner f\u00fchren.<\/p>\n<p>Die Benutzung dieser Seite erfolgt auf eigene Gefahr. Wir \u00fcbernehmen keine Haftung f\u00fcr Sch\u00e4den die Aufgrund der Anwendung der in diesem Angebot genannten Informationen entstehen.<\/p>\n<p>Die Seite verwendet Google Analytics zu statistischen Zwecken<\/p>\n<\/div><\/div>\n","protected":false},"excerpt":{"rendered":"<p>Anschrift: Sportverein Wolfersweiler e.V. R\u00f6merstra\u00dfe 35 66625 Wolfersweiler Tel.: 06852 \/ 7485 Vertretungsberechtigte des Vereins 1. Vorsitzender Position aktuell unbesetzt Gesch\u00e4ftsf\u00fchrer J\u00f6rn Herz Fronbachstra\u00dfe 6 66625 Wolfersweiler Tel.: 06852\/903063 Email: info (at) svwolfersweiler.de Vereinsregister: eingetragen im Vereinsregister, Amtsgericht St.Wendel, Nr. 528 Steuernummer: Finanzamt St.Wendel, Nr. 060\/14006050 Vereinsnummer: 43141980 Verantwortliche Homepage: J\u00f6rn Herz Fronbachstra\u00dfe 6 66625 Wolfersweiler Tel.: 06852 \/ 90 30 63 Email: info (at) svwolferweiler.de Lars Martin Jakob-K\u00fcntzer-Str. 5 66625 Wolfersweiler Tel.: 06852\/991530 Email: larsmartin (at) svwolfersweiler.de Bei Fragen rund um die Homepage wenden Sie sich bitte an die Verantwortlichen. Bei speziellen Fragen rund um den Verein k\u00f6nnen sie auch im Vorstandsverzeichnis ihren direkten Ansprechpartner kontaktieren Haftungsauschluss Das Landgericht Hamburg hat mit dem Urteil vom 12.05.1998 entschieden, da\u00df man durch die Ausbringung eines Links die Inhalte der gelinkten Seite ggf. mit zu verantworten hat. Dies kann &#8211; so das LG &#8211; nur dadurch verhindert werden, da\u00df man sich ausdr\u00fccklich&#8230;<br \/><a class=\"read-more-button\" href=\"https:\/\/svwolfersweiler.de\/blog\/verein\/about\/\">Read more<\/a><\/p>\n","protected":false},"author":1,"featured_media":0,"parent":19,"menu_order":0,"comment_status":"closed","ping_status":"closed","template":"","meta":{"_crdt_document":"","footnotes":""},"class_list":["post-2","page","type-page","status-publish","hentry"],"_links":{"self":[{"href":"https:\/\/svwolfersweiler.de\/blog\/wp-json\/wp\/v2\/pages\/2","targetHints":{"allow":["GET"]}}],"collection":[{"href":"https:\/\/svwolfersweiler.de\/blog\/wp-json\/wp\/v2\/pages"}],"about":[{"href":"https:\/\/svwolfersweiler.de\/blog\/wp-json\/wp\/v2\/types\/page"}],"author":[{"embeddable":true,"href":"https:\/\/svwolfersweiler.de\/blog\/wp-json\/wp\/v2\/users\/1"}],"replies":[{"embeddable":true,"href":"https:\/\/svwolfersweiler.de\/blog\/wp-json\/wp\/v2\/comments?post=2"}],"version-history":[{"count":22,"href":"https:\/\/svwolfersweiler.de\/blog\/wp-json\/wp\/v2\/pages\/2\/revisions"}],"predecessor-version":[{"id":2610,"href":"https:\/\/svwolfersweiler.de\/blog\/wp-json\/wp\/v2\/pages\/2\/revisions\/2610"}],"up":[{"embeddable":true,"href":"https:\/\/svwolfersweiler.de\/blog\/wp-json\/wp\/v2\/pages\/19"}],"wp:attachment":[{"href":"https:\/\/svwolfersweiler.de\/blog\/wp-json\/wp\/v2\/media?parent=2"}],"curies":[{"name":"wp","href":"https:\/\/api.w.org\/{rel}","templated":true}]}}