{"id":2588,"date":"2023-10-11T19:40:06","date_gmt":"2023-10-11T18:40:06","guid":{"rendered":"https:\/\/svwolfersweiler.de\/blog\/?page_id=2588"},"modified":"2026-03-26T19:32:53","modified_gmt":"2026-03-26T18:32:53","slug":"mitglied-werden","status":"publish","type":"page","link":"https:\/\/svwolfersweiler.de\/blog\/mitglied-werden\/","title":{"rendered":"Mitglied werden"},"content":{"rendered":"\r\n<p class=\"wp-block-paragraph\">Du m\u00f6chtest beim SV Wolfersweiler Mitglied werden oder einen Angeh\u00f6rigen als Mitglied anmelden? Du kannst die Anmeldung hier vornehmen: <a href=\"https:\/\/verein.dfbnet.org\/mitgliedsantrag\/svwolfersweiler\" target=\"_blank\" rel=\"noreferrer noopener\">Mitgliedsantrag<\/a><\/p>\r\n\r\n\r\n\r\n<p class=\"wp-block-paragraph\">Aktuell g\u00fcltige Mitgliedsbeitr\u00e4ge:<\/p>\r\n\r\n\r\n\r\n<p class=\"wp-block-paragraph\">Erwachsene: 30\u20ac \/ Jahr<\/p>\r\n\r\n\r\n\r\n\r\n\r\n<p class=\"wp-block-paragraph\">Kinder und Jugendliche: 18\u20ac \/ Jahr<\/p>\r\n\r\n\r\n\r\n<p class=\"wp-block-paragraph\">Familienbeitrag: 60\u20ac \/ Jahr<\/p>\r\n\r\n\r\n","protected":false},"excerpt":{"rendered":"<p>Du m\u00f6chtest beim SV Wolfersweiler Mitglied werden oder einen Angeh\u00f6rigen als Mitglied anmelden? Du kannst die Anmeldung hier vornehmen: Mitgliedsantrag Aktuell g\u00fcltige Mitgliedsbeitr\u00e4ge: Erwachsene: 30\u20ac \/ Jahr Kinder und Jugendliche: 18\u20ac \/ Jahr Familienbeitrag: 60\u20ac \/ Jahr<\/p>\n","protected":false},"author":3,"featured_media":0,"parent":0,"menu_order":0,"comment_status":"closed","ping_status":"closed","template":"","meta":{"_crdt_document":"","footnotes":""},"class_list":["post-2588","page","type-page","status-publish","hentry"],"_links":{"self":[{"href":"https:\/\/svwolfersweiler.de\/blog\/wp-json\/wp\/v2\/pages\/2588","targetHints":{"allow":["GET"]}}],"collection":[{"href":"https:\/\/svwolfersweiler.de\/blog\/wp-json\/wp\/v2\/pages"}],"about":[{"href":"https:\/\/svwolfersweiler.de\/blog\/wp-json\/wp\/v2\/types\/page"}],"author":[{"embeddable":true,"href":"https:\/\/svwolfersweiler.de\/blog\/wp-json\/wp\/v2\/users\/3"}],"replies":[{"embeddable":true,"href":"https:\/\/svwolfersweiler.de\/blog\/wp-json\/wp\/v2\/comments?post=2588"}],"version-history":[{"count":11,"href":"https:\/\/svwolfersweiler.de\/blog\/wp-json\/wp\/v2\/pages\/2588\/revisions"}],"predecessor-version":[{"id":2645,"href":"https:\/\/svwolfersweiler.de\/blog\/wp-json\/wp\/v2\/pages\/2588\/revisions\/2645"}],"wp:attachment":[{"href":"https:\/\/svwolfersweiler.de\/blog\/wp-json\/wp\/v2\/media?parent=2588"}],"curies":[{"name":"wp","href":"https:\/\/api.w.org\/{rel}","templated":true}]}}