{"id":281,"date":"2015-06-30T20:51:10","date_gmt":"2015-06-30T19:51:10","guid":{"rendered":"http:\/\/svwolfersweiler.de\/blog\/?page_id=281"},"modified":"2026-03-29T09:22:48","modified_gmt":"2026-03-29T08:22:48","slug":"trainingsplan","status":"publish","type":"page","link":"https:\/\/svwolfersweiler.de\/blog\/trainingsplan\/","title":{"rendered":"Trainingsplan SG NoWO"},"content":{"rendered":"<p>W\u00e4hrend der Spielrunde trainieren unsere aktiven Herrenmannschaften in der Regel jeweils dienstags und freitags von 19:00 &#8211; 20:30 Uhr. Der tats\u00e4chliche Trainingsplan kann jeder dem <a href=\"https:\/\/svwolfersweiler.de\/blog\/?page_id=58\">Vereinskalender<\/a> entnehmen, der auch als Google-Kalender abonniert werden kann. Auch sind dort die Trainingsorte in den Kalendereintr\u00e4gen integriert. Dies kann sich je nach Witterung \u00e4ndern.<\/p>\n<p>Hier findet ihr ggf. separate Vorbereitungspl\u00e4ne f\u00fcr den Winter oder Sommer:<\/p>\n<p>&nbsp;<\/p>\n","protected":false},"excerpt":{"rendered":"<p>W\u00e4hrend der Spielrunde trainieren unsere aktiven Herrenmannschaften in der Regel jeweils dienstags und freitags von 19:00 &#8211; 20:30 Uhr. Der tats\u00e4chliche Trainingsplan kann jeder dem Vereinskalender entnehmen, der auch als Google-Kalender abonniert werden kann. Auch sind dort die Trainingsorte in den Kalendereintr\u00e4gen integriert. Dies kann sich je nach Witterung \u00e4ndern. Hier findet ihr ggf. separate Vorbereitungspl\u00e4ne f\u00fcr den Winter oder Sommer: &nbsp;<\/p>\n","protected":false},"author":1,"featured_media":0,"parent":0,"menu_order":0,"comment_status":"closed","ping_status":"closed","template":"","meta":{"_crdt_document":"","footnotes":""},"class_list":["post-281","page","type-page","status-publish","hentry"],"_links":{"self":[{"href":"https:\/\/svwolfersweiler.de\/blog\/wp-json\/wp\/v2\/pages\/281","targetHints":{"allow":["GET"]}}],"collection":[{"href":"https:\/\/svwolfersweiler.de\/blog\/wp-json\/wp\/v2\/pages"}],"about":[{"href":"https:\/\/svwolfersweiler.de\/blog\/wp-json\/wp\/v2\/types\/page"}],"author":[{"embeddable":true,"href":"https:\/\/svwolfersweiler.de\/blog\/wp-json\/wp\/v2\/users\/1"}],"replies":[{"embeddable":true,"href":"https:\/\/svwolfersweiler.de\/blog\/wp-json\/wp\/v2\/comments?post=281"}],"version-history":[{"count":22,"href":"https:\/\/svwolfersweiler.de\/blog\/wp-json\/wp\/v2\/pages\/281\/revisions"}],"predecessor-version":[{"id":2662,"href":"https:\/\/svwolfersweiler.de\/blog\/wp-json\/wp\/v2\/pages\/281\/revisions\/2662"}],"wp:attachment":[{"href":"https:\/\/svwolfersweiler.de\/blog\/wp-json\/wp\/v2\/media?parent=281"}],"curies":[{"name":"wp","href":"https:\/\/api.w.org\/{rel}","templated":true}]}}