{"id":340,"date":"2015-08-14T08:15:28","date_gmt":"2015-08-14T07:15:28","guid":{"rendered":"http:\/\/svwolfersweiler.de\/blog\/?page_id=340"},"modified":"2024-06-16T07:49:00","modified_gmt":"2024-06-16T06:49:00","slug":"svw-echo","status":"publish","type":"page","link":"https:\/\/svwolfersweiler.de\/blog\/verein\/svw-echo\/","title":{"rendered":"SVW- \/ NoWo Echo"},"content":{"rendered":"<p>Der SV Wolfersweiler ver\u00f6ffentlicht zu allen Heimspielen der Saison eine Vereinszeitschrift (&#8222;SVW Echo&#8220;), wo sie viele n\u00fctzliche Informationen rund um den Verein, Spielpl\u00e4ne und Tabellen der Teams finden. Weiterhin kann man seit Jahren auf eine Vielzahl an Sponsoren zur\u00fcckgreifen, welche Ihre Inserate in der Vereinszeitschrift ver\u00f6ffentlichen und so den SVW finanziell unterst\u00fctzen. Das SVW Echo ist damit eine sehr wichtige St\u00fctze des Vereins.<\/p>\n<p><strong>Ab dem Oktober 2021 wurde das SVW Echo in der Kooperation mit dem TuS Nohfelden in das NoWo-Echo \u00fcberf\u00fchrt.<\/strong><\/p>\n<p>Haben Sie Interesse an einem Inserat ? Oder wollen sie vielleicht mit Bandenwerbung ihre Dienstleistungen und Produkte anbieten ? Dann sprechen sie uns an: <a href=\"mailto:info@svwolfersweiler.de\">info [at] svwolfersweiler.de<\/a><\/p>\n<p>Hier finden sie die Ausgaben der Saison 2022-2023 als pdf:<\/p>\n<ul>\n<li><a href=\"https:\/\/svwolfersweiler.de\/blog\/wp-content\/uploads\/2022\/08\/2022-2023-1.Ausgabe-NoWo-Echo-fertig-A5-web.pdf\">2022-2023-1.Ausgabe NoWo-Echo-fertig, A5-web<\/a><\/li>\n<li><a href=\"https:\/\/svwolfersweiler.de\/blog\/wp-content\/uploads\/2022\/08\/2022-2023-2.Ausgabe-NoWo-Echo-fertig-A5-web.pdf\">2022-2023-2.Ausgabe NoWo-Echo-fertig, A5-web<\/a><\/li>\n<li><a href=\"https:\/\/svwolfersweiler.de\/blog\/wp-content\/uploads\/2022\/11\/2022-2023-3.Ausgabe-NoWo-Echo-fertig-A5-web.pdf\">2022-2023-3.Ausgabe NoWo-Echo-fertig, A5-web<\/a><\/li>\n<li><a href=\"https:\/\/svwolfersweiler.de\/blog\/wp-content\/uploads\/2022\/11\/2022-2023-4.Ausgabe-NoWo-Echo-fertig-A5-web.pdf\">2022-2023-4.Ausgabe NoWo-Echo-fertig, A5-web<\/a><\/li>\n<li><a href=\"https:\/\/svwolfersweiler.de\/blog\/wp-content\/uploads\/2022\/11\/2022-2023-5.Ausgabe-NoWo-Echo-fertig-A5-web.pdf\">2022-2023-5.Ausgabe NoWo-Echo-fertig, A5-web<\/a><\/li>\n<li><a href=\"https:\/\/svwolfersweiler.de\/blog\/wp-content\/uploads\/2022\/11\/2022-2023-6.Ausgabe-NoWo-Echo-fertig-A5-web.pdf\">2022-2023-6.Ausgabe NoWo-Echo-fertig, A5-web<\/a><\/li>\n<li><a href=\"https:\/\/svwolfersweiler.de\/blog\/wp-content\/uploads\/2022\/11\/2022-2023-7.Ausgabe-NoWo-Echo-fertig-A5-web.pdf\">2022-2023-7.Ausgabe NoWo-Echo-fertig, A5-web<\/a><\/li>\n<\/ul>\n<p>Hier finden sie die Ausgaben der Saison 2021-2022 als pdf:<\/p>\n<ul>\n<li><a href=\"https:\/\/svwolfersweiler.de\/blog\/wp-content\/uploads\/2021\/08\/2021-2022-1.Ausgabe-fertig-A5-web.pdf\" target=\"_blank\" rel=\"noopener\">21-22_01.Ausgabe_SVW A5_komplett<\/a><\/li>\n<li><a href=\"https:\/\/svwolfersweiler.de\/blog\/verein\/svw-echo\/2021-2022-1-ausgabe-nowo-echo-fertig-a5-web\/\" rel=\"attachment wp-att-2352\">2021-2022-1.Ausgabe NoWo-Echo-fertig, A5-web<\/a><\/li>\n<li><a href=\"https:\/\/svwolfersweiler.de\/blog\/verein\/svw-echo\/2021-2022-2-ausgabe-nowo-echo-fertig-a5-web-3\/\" rel=\"attachment wp-att-2356\">2021-2022-2.Ausgabe NoWo-Echo-fertig, A5-web<\/a><\/li>\n<li><a href=\"https:\/\/svwolfersweiler.de\/blog\/verein\/svw-echo\/2021-2022-3-ausgabe-nowo-echo-fertig-a5-web-2\/\" rel=\"attachment wp-att-2378\">2021-2022-3.Ausgabe NoWo-Echo-fertig, A5-web<\/a><\/li>\n<li><a href=\"https:\/\/svwolfersweiler.de\/blog\/verein\/svw-echo\/2021-2022-4-ausgabe-nowo-echo-fertig-a5-web\/\" rel=\"attachment wp-att-2393\">2021-2022-4.Ausgabe NoWo-Echo-fertig, A5-web<\/a><\/li>\n<li><a href=\"https:\/\/svwolfersweiler.de\/blog\/verein\/svw-echo\/2021-2022-5-ausgabe-nowo-echo-fertig-a5-web\/\" rel=\"attachment wp-att-2396\">2021-2022-5.Ausgabe NoWo-Echo-fertig, A5-web<\/a><\/li>\n<li><a href=\"https:\/\/svwolfersweiler.de\/blog\/verein\/svw-echo\/2021-2022-6-ausgabe-nowo-echo-fertig-a5-web\/\" rel=\"attachment wp-att-2416\">2021-2022-6.Ausgabe NoWo-Echo-fertig, A5-web<\/a><\/li>\n<li><a href=\"https:\/\/svwolfersweiler.de\/blog\/verein\/svw-echo\/2021-2022-7-ausgabe-nowo-echo-fertig-a5-web\/\" rel=\"attachment wp-att-2417\">2021-2022-7.Ausgabe NoWo-Echo-fertig, A5-web<\/a><\/li>\n<li><a href=\"https:\/\/svwolfersweiler.de\/blog\/verein\/svw-echo\/2021-2022-8-ausgabe-nowo-echo-fertig-a5-web\/\" rel=\"attachment wp-att-2419\">2021-2022-8.Ausgabe NoWo-Echo-fertig, A5-web<\/a><\/li>\n<li><a href=\"https:\/\/svwolfersweiler.de\/blog\/verein\/svw-echo\/2021-2022-9-ausgabe-nowo-echo-fertig-a5-web\/\" rel=\"attachment wp-att-2420\">2021-2022-9.Ausgabe NoWo-Echo-fertig, A5-web<\/a><\/li>\n<\/ul>\n<p>Hier finden sie die Ausgaben der Saison 2020-2021 als pdf:<\/p>\n<ul>\n<li><a href=\"https:\/\/svwolfersweiler.de\/blog\/wp-content\/uploads\/2020\/09\/20-21_01.Ausgabe_A5_komplett.pdf\">20-21_01.Ausgabe_A5_komplett<\/a><\/li>\n<\/ul>\n<p>Hier finden sie die Ausgaben der Saison 2019-2020 als pdf:<\/p>\n<ul>\n<li><a href=\"https:\/\/svwolfersweiler.de\/blog\/wp-content\/uploads\/2019\/08\/19-20_01.Ausgabe_A5_komplett.pdf\">19-20_01.Ausgabe_A5_komplett<\/a><\/li>\n<li><a href=\"https:\/\/svwolfersweiler.de\/blog\/wp-content\/uploads\/2019\/10\/19-20_02.Ausgabe_A5_komplett.pdf\">19-20_02.Ausgabe_A5_komplett<\/a><\/li>\n<li><a href=\"https:\/\/svwolfersweiler.de\/blog\/wp-content\/uploads\/2019\/10\/19-20_03.Ausgabe_A5_komplett.pdf\">19-20_03.Ausgabe_A5_komplett<\/a><\/li>\n<li><a href=\"https:\/\/svwolfersweiler.de\/blog\/wp-content\/uploads\/2019\/10\/19-20_04.Ausgabe_A5_komplett.pdf\">19-20_04.Ausgabe_A5_komplett<\/a><\/li>\n<li><a href=\"https:\/\/svwolfersweiler.de\/blog\/wp-content\/uploads\/2019\/10\/19-20_05.Ausgabe_A5_komplett.pdf\">19-20_05.Ausgabe_A5_komplett<\/a><\/li>\n<li><a href=\"https:\/\/svwolfersweiler.de\/blog\/wp-content\/uploads\/2020\/03\/19-20_06.Ausgabe_A5_komplett.pdf\">19-20_06.Ausgabe_A5_komplett<\/a><\/li>\n<li><a href=\"https:\/\/svwolfersweiler.de\/blog\/wp-content\/uploads\/2020\/03\/19-20_07.Ausgabe_A5_komplett.pdf\">19-20_07.Ausgabe_A5_komplett<\/a><\/li>\n<li><a href=\"https:\/\/svwolfersweiler.de\/blog\/wp-content\/uploads\/2020\/03\/19-20_08.Ausgabe_A5_komplett.pdf\">19-20_08.Ausgabe_A5_komplett<\/a><\/li>\n<li><a href=\"https:\/\/svwolfersweiler.de\/blog\/wp-content\/uploads\/2020\/03\/19-20_09.Ausgabe_A5_komplett.pdf\">19-20_09.Ausgabe_A5_komplett<\/a><\/li>\n<li><a href=\"https:\/\/svwolfersweiler.de\/blog\/wp-content\/uploads\/2020\/03\/19-20_10.Ausgabe_A5_komplett.pdf\">19-20_10.Ausgabe_A5_komplett<\/a><br \/>\n<em>Aufgrund der Corona-Pandemie wurde die Saison abgebrochen. Weitere Ausgaben gab es in der Saison 19\/20 nicht mehr.<\/em><\/li>\n<\/ul>\n<p>Hier finden sie die Ausgaben der Saison 2018-2019 als pdf:<\/p>\n<ul style=\"list-style-type: disc;\">\n<li><a href=\"https:\/\/svwolfersweiler.de\/blog\/wp-content\/uploads\/2018\/09\/18-19_01.Ausgabe_A5_komplett.pdf\">18-19_01.Ausgabe_A5_komplett<\/a><\/li>\n<li><a href=\"https:\/\/svwolfersweiler.de\/blog\/wp-content\/uploads\/2018\/09\/18-19_02.Ausgabe_A5_komplett.pdf\">18-19_02.Ausgabe_A5_komplett<\/a><\/li>\n<li><a href=\"https:\/\/svwolfersweiler.de\/blog\/wp-content\/uploads\/2018\/09\/18-19_03.Ausgabe_A5_komplett.pdf\">18-19_03.Ausgabe_A5_komplett<\/a><\/li>\n<li><a href=\"https:\/\/svwolfersweiler.de\/blog\/wp-content\/uploads\/2018\/09\/18-19_04.Ausgabe_A5_komplett.pdf\">18-19_04.Ausgabe_A5_komplett<\/a><\/li>\n<li><a href=\"https:\/\/svwolfersweiler.de\/blog\/wp-content\/uploads\/2018\/10\/18-19_05.Ausgabe_A5_komplett.pdf\">18-19_05.Ausgabe_A5_komplett<\/a><\/li>\n<li><a href=\"https:\/\/svwolfersweiler.de\/blog\/wp-content\/uploads\/2018\/10\/18-19_06.Ausgabe_A5_komplett.pdf\">18-19_06.Ausgabe_A5_komplett<\/a><\/li>\n<li><a href=\"https:\/\/svwolfersweiler.de\/blog\/wp-content\/uploads\/2018\/10\/18-19_07.Ausgabe_A5_komplett.pdf\">18-19_07.Ausgabe_A5_komplett<\/a><\/li>\n<li><a href=\"https:\/\/svwolfersweiler.de\/blog\/wp-content\/uploads\/2019\/03\/18-19_08.Ausgabe_A5_komplett.pdf\">18-19_08.Ausgabe_A5_komplett<\/a><\/li>\n<li><a href=\"https:\/\/svwolfersweiler.de\/blog\/wp-content\/uploads\/2019\/03\/18-19_09.Ausgabe_A5_komplett.pdf\">18-19_09.Ausgabe_A5_komplett<\/a><\/li>\n<li><a href=\"https:\/\/svwolfersweiler.de\/blog\/wp-content\/uploads\/2019\/03\/18-19_10.Ausgabe_A5_komplett.pdf\">18-19_10.Ausgabe_A5_komplett<\/a><\/li>\n<li><a href=\"https:\/\/svwolfersweiler.de\/blog\/wp-content\/uploads\/2019\/04\/18-19_11.Ausgabe_A5_komplett.pdf\">18-19_11.Ausgabe_A5_komplett<\/a><\/li>\n<li><a href=\"https:\/\/svwolfersweiler.de\/blog\/wp-content\/uploads\/2019\/04\/18-19_12.Ausgabe_A5_komplett.pdf\">18-19_12.Ausgabe_A5_komplett<\/a><\/li>\n<li><a href=\"https:\/\/svwolfersweiler.de\/blog\/wp-content\/uploads\/2019\/05\/18-19_13.Ausgabe_A5_komplett.pdf\">18-19_13.Ausgabe_A5_komplett<\/a><\/li>\n<li><a href=\"https:\/\/svwolfersweiler.de\/blog\/wp-content\/uploads\/2019\/05\/18-19_14.Ausgabe_A5_komplett.pdf\">18-19_14.Ausgabe_A5_komplett<\/a><\/li>\n<li><a href=\"https:\/\/svwolfersweiler.de\/blog\/wp-content\/uploads\/2019\/05\/18-19_15.Ausgabe_A5_komplett.pdf\">18-19_15.Ausgabe_A5_komplett<\/a><\/li>\n<\/ul>\n<p><!--more--><\/p>\n<p>Hier finden sie die Ausgaben der Saison 2017-2018 als pdf:<\/p>\n<ul>\n<li><a href=\"https:\/\/svwolfersweiler.de\/blog\/wp-content\/uploads\/2015\/08\/17-18_01.Ausgabe_A5_komplett.pdf\">17-18_01.Ausgabe_A5_komplett<\/a><\/li>\n<li><a href=\"https:\/\/svwolfersweiler.de\/blog\/wp-content\/uploads\/2015\/08\/17-18_02.Ausgabe_A5_komplett.pdf\">17-18_02.Ausgabe_A5_komplett<\/a><\/li>\n<li><a href=\"https:\/\/svwolfersweiler.de\/blog\/wp-content\/uploads\/2015\/08\/17-18_03.Ausgabe_A5_komplett.pdf\">17-18_03.Ausgabe_A5_komplett<\/a><\/li>\n<li><a href=\"https:\/\/svwolfersweiler.de\/blog\/wp-content\/uploads\/2015\/08\/17-18_04.Ausgabe_A5_komplett.pdf\">17-18_04.Ausgabe_A5_komplett<\/a><\/li>\n<li><a href=\"https:\/\/svwolfersweiler.de\/blog\/wp-content\/uploads\/2015\/08\/17-18_05.Ausgabe_A5_komplett.pdf\">17-18_05.Ausgabe_A5_komplett<\/a><\/li>\n<li><a href=\"https:\/\/svwolfersweiler.de\/blog\/wp-content\/uploads\/2015\/08\/17-18_06.Ausgabe_A5_komplett.pdf\">17-18_06.Ausgabe_A5_komplett<\/a><\/li>\n<li><a href=\"https:\/\/svwolfersweiler.de\/blog\/wp-content\/uploads\/2015\/08\/17-18_07.Ausgabe_A5_komplett.pdf\">17-18_07.Ausgabe_A5_komplett<\/a><\/li>\n<li><a href=\"https:\/\/svwolfersweiler.de\/blog\/wp-content\/uploads\/2018\/03\/17-18_08.Ausgabe_A5_komplett.pdf\">17-18_08.Ausgabe_A5_komplett<\/a><\/li>\n<li><a href=\"https:\/\/svwolfersweiler.de\/blog\/wp-content\/uploads\/2018\/03\/17-18_09.Ausgabe_A5_komplett.pdf\">17-18_09.Ausgabe_A5_komplett<\/a><\/li>\n<li><a href=\"https:\/\/svwolfersweiler.de\/blog\/wp-content\/uploads\/2018\/03\/17-18_10.Ausgabe_A5_komplett.pdf\">17-18_10.Ausgabe_A5_komplett<\/a><\/li>\n<\/ul>\n<p>Hier finden sie die Ausgaben der Saison 2016-2017 als pdf:<\/p>\n<ul>\n<li><a href=\"https:\/\/svwolfersweiler.de\/blog\/wp-content\/uploads\/2015\/08\/16-17_01.Ausgabe_A5_komplett1.pdf\">16-17_01-ausgabe_a5_komplett<\/a><\/li>\n<li><a href=\"https:\/\/svwolfersweiler.de\/blog\/wp-content\/uploads\/2015\/08\/16-17_02.Ausgabe_A5_komplett1.pdf\">16-17_02-ausgabe_a5_komplett<\/a><\/li>\n<li><a href=\"https:\/\/svwolfersweiler.de\/blog\/wp-content\/uploads\/2015\/08\/16-17_03.Ausgabe_A5_komplett.pdf\">16-17_03-ausgabe_a5_komplett<\/a><\/li>\n<li><a href=\"https:\/\/svwolfersweiler.de\/blog\/wp-content\/uploads\/2015\/08\/16-17_04.Ausgabe_A5_komplett.pdf\">16-17_04-ausgabe_a5_komplett<\/a><\/li>\n<li><a href=\"https:\/\/svwolfersweiler.de\/blog\/wp-content\/uploads\/2015\/08\/16-17_05.Ausgabe_A5_komplett.pdf\">16-17_05-ausgabe_a5_komplett<\/a><\/li>\n<li><a href=\"https:\/\/svwolfersweiler.de\/blog\/wp-content\/uploads\/2015\/08\/16-17_06.Ausgabe_A5_komplett.pdf\">16-17_06-ausgabe_a5_komplett<\/a><\/li>\n<li><a href=\"https:\/\/svwolfersweiler.de\/blog\/wp-content\/uploads\/2015\/08\/16-17_07.Ausgabe_A5_komplett.pdf\">16-17_07-ausgabe_a5_komplett<\/a><\/li>\n<li><a href=\"https:\/\/svwolfersweiler.de\/blog\/wp-content\/uploads\/2015\/08\/16-17_08.Ausgabe_A5_komplett.pdf\">16-17_08.Ausgabe_A5_komplett<\/a><\/li>\n<li><a href=\"https:\/\/svwolfersweiler.de\/blog\/wp-content\/uploads\/2015\/08\/16-17_09.Ausgabe_A5_komplett.pdf\">16-17_09.Ausgabe_A5_komplett<\/a><\/li>\n<li><a href=\"https:\/\/svwolfersweiler.de\/blog\/wp-content\/uploads\/2015\/08\/16-17_10.Ausgabe_A5_komplett.pdf\">16-17_10.Ausgabe_A5_komplett<\/a><\/li>\n<li><a href=\"https:\/\/svwolfersweiler.de\/blog\/wp-content\/uploads\/2015\/08\/16-17_11.Ausgabe_A5_komplett.pdf\">16-17_11.Ausgabe_A5_komplett<\/a><\/li>\n<li><a href=\"https:\/\/svwolfersweiler.de\/blog\/wp-content\/uploads\/2015\/08\/16-17_12.Ausgabe_A5_komplett.pdf\">16-17_12.Ausgabe_A5_komplett<\/a><\/li>\n<li><a href=\"https:\/\/svwolfersweiler.de\/blog\/wp-content\/uploads\/2015\/08\/16-17_13.Ausgabe_A5_komplett.pdf\">16-17_13.Ausgabe_A5_komplett<\/a><\/li>\n<li><a href=\"https:\/\/svwolfersweiler.de\/blog\/wp-content\/uploads\/2015\/08\/16-17_14.Ausgabe_A5_komplett.pdf\">16-17_14.Ausgabe_A5_komplett<\/a><\/li>\n<li><a href=\"https:\/\/svwolfersweiler.de\/blog\/wp-content\/uploads\/2015\/08\/16-17_15.Ausgabe_A5_komplett.pdf\">16-17_15.Ausgabe_A5_komplett<\/a><\/li>\n<li><a href=\"https:\/\/svwolfersweiler.de\/blog\/wp-content\/uploads\/2015\/08\/16-17_16.Ausgabe_A5_komplett.pdf\">16-17_16.Ausgabe_A5_komplett<\/a><\/li>\n<\/ul>\n<p>Hier finden sie die Ausgaben der Saison 2015-2016 als pdf:<\/p>\n<ul>\n<li><a href=\"https:\/\/svwolfersweiler.de\/blog\/wp-content\/uploads\/2015\/08\/15-16_01.Ausgabe_A5_komplett.pdf\">15-16_01.Ausgabe_A5_komplett<\/a><\/li>\n<li><a href=\"https:\/\/svwolfersweiler.de\/blog\/wp-content\/uploads\/2015\/08\/15-16_02.Ausgabe_A5_komplett.pdf\">15-16_02.Ausgabe_A5_komplett<\/a><\/li>\n<li><a href=\"https:\/\/svwolfersweiler.de\/blog\/wp-content\/uploads\/2015\/08\/15-16_03.Ausgabe_A5_komplett.pdf\">15-16_03.Ausgabe_A5_komplett<\/a><\/li>\n<li><a href=\"https:\/\/svwolfersweiler.de\/blog\/wp-content\/uploads\/2015\/08\/15-16_04.Ausgabe_A5_komplett.pdf\">15-16_04.Ausgabe_A5_komplett<\/a><\/li>\n<li><a href=\"https:\/\/svwolfersweiler.de\/blog\/wp-content\/uploads\/2015\/08\/15-16_05.Ausgabe_A5_komplett.pdf\">15-16_05.Ausgabe_A5_komplett<\/a><\/li>\n<li><a href=\"https:\/\/svwolfersweiler.de\/blog\/wp-content\/uploads\/2015\/08\/15-16_06.Ausgabe_A5_komplett.pdf\">15-16_06.Ausgabe_A5_komplett<\/a><\/li>\n<li><a href=\"https:\/\/svwolfersweiler.de\/blog\/wp-content\/uploads\/2015\/08\/15-16_07.Ausgabe_A5_komplett.pdf\">15-16_07.Ausgabe_A5_komplett<\/a><\/li>\n<li><a href=\"https:\/\/svwolfersweiler.de\/blog\/wp-content\/uploads\/2015\/08\/15-16_08.Ausgabe_A5_komplett.pdf\">15-16_08.Ausgabe_A5_komplett<\/a><\/li>\n<li><a href=\"https:\/\/svwolfersweiler.de\/blog\/wp-content\/uploads\/2015\/08\/15-16_09.Ausgabe_A5_komplett.pdf\">15-16_09.Ausgabe_A5_komplett<\/a><\/li>\n<li><a href=\"https:\/\/svwolfersweiler.de\/blog\/wp-content\/uploads\/2015\/08\/15-16_10.Ausgabe_A5_komplett.pdf\">15-16_10.Ausgabe_A5_komplett<\/a><\/li>\n<li><a href=\"https:\/\/svwolfersweiler.de\/blog\/wp-content\/uploads\/2015\/08\/15-16_11.Ausgabe_A5_komplett.pdf\">15-16_11.Ausgabe_A5_komplett<\/a><\/li>\n<li><a href=\"https:\/\/svwolfersweiler.de\/blog\/wp-content\/uploads\/2015\/08\/15-16_12.Ausgabe_A5_komplett.pdf\">15-16_12.Ausgabe_A5_komplett<\/a><\/li>\n<li><a href=\"https:\/\/svwolfersweiler.de\/blog\/wp-content\/uploads\/2015\/08\/15-16_13.Ausgabe_A5_komplett.pdf\">15-16_13.Ausgabe_A5_komplett<\/a><\/li>\n<li><a href=\"https:\/\/svwolfersweiler.de\/blog\/wp-content\/uploads\/2015\/08\/15-16_14.Ausgabe_A5_komplett.pdf\">15-16_14.Ausgabe_A5_komplett<\/a><\/li>\n<li><a href=\"https:\/\/svwolfersweiler.de\/blog\/wp-content\/uploads\/2015\/08\/15-16_15.Ausgabe_A5_komplett1.pdf\">15-16_15-ausgabe_a5_komplett<\/a><\/li>\n<\/ul>\n<p><em>Die pdfs sind f\u00fcr eine ausreichende Web-Darstellung komprimiert.<\/em><\/p>\n","protected":false},"excerpt":{"rendered":"<p>Der SV Wolfersweiler ver\u00f6ffentlicht zu allen Heimspielen der Saison eine Vereinszeitschrift (&#8222;SVW Echo&#8220;), wo sie viele n\u00fctzliche Informationen rund um den Verein, Spielpl\u00e4ne und Tabellen der Teams finden. Weiterhin kann man seit Jahren auf eine Vielzahl an Sponsoren zur\u00fcckgreifen, welche Ihre Inserate in der Vereinszeitschrift ver\u00f6ffentlichen und so den SVW finanziell unterst\u00fctzen. Das SVW Echo ist damit eine sehr wichtige St\u00fctze des Vereins. Ab dem Oktober 2021 wurde das SVW Echo in der Kooperation mit dem TuS Nohfelden in das NoWo-Echo \u00fcberf\u00fchrt. Haben Sie Interesse an einem Inserat ? Oder wollen sie vielleicht mit Bandenwerbung ihre Dienstleistungen und Produkte anbieten ? Dann sprechen sie uns an: info [at] svwolfersweiler.de Hier finden sie die Ausgaben der Saison 2022-2023 als pdf: 2022-2023-1.Ausgabe NoWo-Echo-fertig, A5-web 2022-2023-2.Ausgabe NoWo-Echo-fertig, A5-web 2022-2023-3.Ausgabe NoWo-Echo-fertig, A5-web 2022-2023-4.Ausgabe NoWo-Echo-fertig, A5-web 2022-2023-5.Ausgabe NoWo-Echo-fertig, A5-web 2022-2023-6.Ausgabe NoWo-Echo-fertig, A5-web 2022-2023-7.Ausgabe NoWo-Echo-fertig, A5-web Hier finden sie die Ausgaben der Saison 2021-2022 als pdf:&#8230;<br \/><a class=\"read-more-button\" href=\"https:\/\/svwolfersweiler.de\/blog\/verein\/svw-echo\/\">Read more<\/a><\/p>\n","protected":false},"author":1,"featured_media":0,"parent":19,"menu_order":0,"comment_status":"closed","ping_status":"closed","template":"","meta":{"_crdt_document":"","footnotes":""},"class_list":["post-340","page","type-page","status-publish","hentry"],"_links":{"self":[{"href":"https:\/\/svwolfersweiler.de\/blog\/wp-json\/wp\/v2\/pages\/340","targetHints":{"allow":["GET"]}}],"collection":[{"href":"https:\/\/svwolfersweiler.de\/blog\/wp-json\/wp\/v2\/pages"}],"about":[{"href":"https:\/\/svwolfersweiler.de\/blog\/wp-json\/wp\/v2\/types\/page"}],"author":[{"embeddable":true,"href":"https:\/\/svwolfersweiler.de\/blog\/wp-json\/wp\/v2\/users\/1"}],"replies":[{"embeddable":true,"href":"https:\/\/svwolfersweiler.de\/blog\/wp-json\/wp\/v2\/comments?post=340"}],"version-history":[{"count":57,"href":"https:\/\/svwolfersweiler.de\/blog\/wp-json\/wp\/v2\/pages\/340\/revisions"}],"predecessor-version":[{"id":2499,"href":"https:\/\/svwolfersweiler.de\/blog\/wp-json\/wp\/v2\/pages\/340\/revisions\/2499"}],"up":[{"embeddable":true,"href":"https:\/\/svwolfersweiler.de\/blog\/wp-json\/wp\/v2\/pages\/19"}],"wp:attachment":[{"href":"https:\/\/svwolfersweiler.de\/blog\/wp-json\/wp\/v2\/media?parent=340"}],"curies":[{"name":"wp","href":"https:\/\/api.w.org\/{rel}","templated":true}]}}