{"id":77,"date":"2014-03-16T11:03:20","date_gmt":"2014-03-16T10:03:20","guid":{"rendered":"http:\/\/svwolfersweiler.de\/blog\/?page_id=77"},"modified":"2022-11-19T08:50:02","modified_gmt":"2022-11-19T07:50:02","slug":"jugend","status":"publish","type":"page","link":"https:\/\/svwolfersweiler.de\/blog\/jugend\/","title":{"rendered":"Jugend"},"content":{"rendered":"<p>Die Jugend ist schon seit vielen Jahren in einer gro\u00dfen Spielgemeinschaft organisiert, die seit 2 Jahren sogar von 6 auf 10 Vereine erweitert wurde.<\/p>\n<p>Urspr\u00fcngliche SG den 6 Vereinen:<\/p>\n<ul>\n<li>SV Steinberg-Deckenhardt<\/li>\n<li>FC Walhausen<\/li>\n<li>TuS Nohfelden<\/li>\n<li>SV Mosberg-Richweiler<\/li>\n<li>FV T\u00fcrkism\u00fchle<\/li>\n<li>SV Wolfersweiler<\/li>\n<\/ul>\n<p>Seit 2 Jahren sind folgende Vereine hinzugekommen:<\/p>\n<ul>\n<li>SF G\u00fcdesweiler<\/li>\n<li>TuS Hirstein<\/li>\n<li>SV Namborn<\/li>\n<li>SV Gehweiler<\/li>\n<\/ul>\n<p>Jeder Verein (oder fast jeder) ist innerhalb der SG federf\u00fchrend f\u00fcr verschiedene Jugenmannschaften, wo auch dann die Heimspiele ausgetragen werden. Dies wird jedes Jahr neu festgelegt.<\/p>\n<p>Aktuell in der Saison 2020-2021 ist der SV Wolfersweiler federf\u00fchrend f\u00fcr die G- &amp; F-Jugend. Beide Mannschaften nehmen nur in Turnierform am Spielbetrieb teil. Der Spielplan wird immer erst eine Woche zuvor festgelegt und kann, sofern vom Klassenleiter freigegeben, kurz vorher auf den Mannschaftsseiten bei fussball.de eingesehen werden:<\/p>\n<ul>\n<li><a href=\"http:\/\/www.fussball.de\/mannschaft\/sg-sv-wolfersweiler-sv-wolfersweiler-saarland\/-\/saison\/2021\/team-id\/020D333MOS000000VS548984VS7EIAOE#!\/\" target=\"_blank\" rel=\"noopener noreferrer\">Mannschaftsseite G-Jugend<\/a><\/li>\n<li><a href=\"http:\/\/www.fussball.de\/mannschaft\/sg-sv-wolfersweiler-sv-wolfersweiler-saarland\/-\/saison\/2021\/team-id\/027I050GKK000000VS5489B1VUA37ON8#!\/\" target=\"_blank\" rel=\"noopener noreferrer\">Mannschaftsseite F-Jugend<\/a><\/li>\n<\/ul>\n<p>Die G-Jugend trainiert f\u00fcr gew\u00f6hnlich mittwochs von 17:00 &#8211; 18:00 Uhr.<br \/>\nDie F-Jugend trainiert f\u00fcr gew\u00f6hnlich dienstags und donnerstags von 18:00 &#8211; 19:00 Uhr, im Winter mittwochs von 18:00 &#8211; 19:00 Uhr in der Halle in Wolfersweiler<br \/>\n<em>(vorbehaltlich \u00c4nderungen)<\/em><\/p>\n","protected":false},"excerpt":{"rendered":"<p>Die Jugend ist schon seit vielen Jahren in einer gro\u00dfen Spielgemeinschaft organisiert, die seit 2 Jahren sogar von 6 auf 10 Vereine erweitert wurde. Urspr\u00fcngliche SG den 6 Vereinen: SV Steinberg-Deckenhardt FC Walhausen TuS Nohfelden SV Mosberg-Richweiler FV T\u00fcrkism\u00fchle SV Wolfersweiler Seit 2 Jahren sind folgende Vereine hinzugekommen: SF G\u00fcdesweiler TuS Hirstein SV Namborn SV Gehweiler Jeder Verein (oder fast jeder) ist innerhalb der SG federf\u00fchrend f\u00fcr verschiedene Jugenmannschaften, wo auch dann die Heimspiele ausgetragen werden. Dies wird jedes Jahr neu festgelegt. Aktuell in der Saison 2020-2021 ist der SV Wolfersweiler federf\u00fchrend f\u00fcr die G- &amp; F-Jugend. Beide Mannschaften nehmen nur in Turnierform am Spielbetrieb teil. Der Spielplan wird immer erst eine Woche zuvor festgelegt und kann, sofern vom Klassenleiter freigegeben, kurz vorher auf den Mannschaftsseiten bei fussball.de eingesehen werden: Mannschaftsseite G-Jugend Mannschaftsseite F-Jugend Die G-Jugend trainiert f\u00fcr gew\u00f6hnlich mittwochs von 17:00 &#8211; 18:00 Uhr. Die F-Jugend trainiert f\u00fcr gew\u00f6hnlich&#8230;<br \/><a class=\"read-more-button\" href=\"https:\/\/svwolfersweiler.de\/blog\/jugend\/\">Read more<\/a><\/p>\n","protected":false},"author":1,"featured_media":0,"parent":0,"menu_order":3,"comment_status":"closed","ping_status":"closed","template":"","meta":{"_crdt_document":"","footnotes":""},"class_list":["post-77","page","type-page","status-publish","hentry"],"_links":{"self":[{"href":"https:\/\/svwolfersweiler.de\/blog\/wp-json\/wp\/v2\/pages\/77","targetHints":{"allow":["GET"]}}],"collection":[{"href":"https:\/\/svwolfersweiler.de\/blog\/wp-json\/wp\/v2\/pages"}],"about":[{"href":"https:\/\/svwolfersweiler.de\/blog\/wp-json\/wp\/v2\/types\/page"}],"author":[{"embeddable":true,"href":"https:\/\/svwolfersweiler.de\/blog\/wp-json\/wp\/v2\/users\/1"}],"replies":[{"embeddable":true,"href":"https:\/\/svwolfersweiler.de\/blog\/wp-json\/wp\/v2\/comments?post=77"}],"version-history":[{"count":11,"href":"https:\/\/svwolfersweiler.de\/blog\/wp-json\/wp\/v2\/pages\/77\/revisions"}],"predecessor-version":[{"id":2506,"href":"https:\/\/svwolfersweiler.de\/blog\/wp-json\/wp\/v2\/pages\/77\/revisions\/2506"}],"wp:attachment":[{"href":"https:\/\/svwolfersweiler.de\/blog\/wp-json\/wp\/v2\/media?parent=77"}],"curies":[{"name":"wp","href":"https:\/\/api.w.org\/{rel}","templated":true}]}}