{"id":79,"date":"2014-03-16T11:03:29","date_gmt":"2014-03-16T10:03:29","guid":{"rendered":"http:\/\/svwolfersweiler.de\/blog\/?page_id=79"},"modified":"2019-09-08T09:56:11","modified_gmt":"2019-09-08T08:56:11","slug":"alte-herren-2","status":"publish","type":"page","link":"https:\/\/svwolfersweiler.de\/blog\/alte-herren-2\/","title":{"rendered":"Alte Herren \u00dc32"},"content":{"rendered":"<p>Die Alten Herren (\u00dc32) spielen schon immer in einer losen Gruppe mit ausschlie\u00dflich Freundschaftsspielen ohne Tabelle.\u00a0 Neben dem SV Gimbweiler wurde kam im Jahre 2016 auch die AH des TuS Nohfelden zur Spielgemeinschaft hinzu. Seit 2019 wurden die SG um die SG Dreiberg mit den Vereinen Hirstein, Gehweiler und Asweiler-Eitzweiler erweitert. Die Mannschaft wird aktuell als SG Dreiberg-Rosenwald gemeldet.<\/p>\n<p>Die Spiele werden von den Vereinen meist kurzfristig als Freundschaftsspiele selber angelegt. Hier der Vereinsspielplan:<\/p>\n\n\n<div id=\"widget3\"><\/div>\n\t<script type=\"text\/javascript\">\n\t\tnew fussballdeWidgetAPI().showWidget('widget3', '028AAM96P8000000VS541L4FVUHRV9SL');\n\t<\/script>\n\n\n\n<p>Ansprechpartner f\u00fcr die AH SG Rosenwald ist Tim Waschke<br \/>mobil: 0170\/3216662<br \/>Email: waschkinio (at) gmail.com<\/p>\n","protected":false},"excerpt":{"rendered":"<p>Die Alten Herren (\u00dc32) spielen schon immer in einer losen Gruppe mit ausschlie\u00dflich Freundschaftsspielen ohne Tabelle.\u00a0 Neben dem SV Gimbweiler wurde kam im Jahre 2016 auch die AH des TuS Nohfelden zur Spielgemeinschaft hinzu. Seit 2019 wurden die SG um die SG Dreiberg mit den Vereinen Hirstein, Gehweiler und Asweiler-Eitzweiler erweitert. Die Mannschaft wird aktuell als SG Dreiberg-Rosenwald gemeldet. Die Spiele werden von den Vereinen meist kurzfristig als Freundschaftsspiele selber angelegt. Hier der Vereinsspielplan: Ansprechpartner f\u00fcr die AH SG Rosenwald ist Tim Waschkemobil: 0170\/3216662Email: waschkinio (at) gmail.com<\/p>\n","protected":false},"author":1,"featured_media":0,"parent":0,"menu_order":2,"comment_status":"closed","ping_status":"closed","template":"","meta":{"_crdt_document":"","footnotes":""},"class_list":["post-79","page","type-page","status-publish","hentry"],"_links":{"self":[{"href":"https:\/\/svwolfersweiler.de\/blog\/wp-json\/wp\/v2\/pages\/79","targetHints":{"allow":["GET"]}}],"collection":[{"href":"https:\/\/svwolfersweiler.de\/blog\/wp-json\/wp\/v2\/pages"}],"about":[{"href":"https:\/\/svwolfersweiler.de\/blog\/wp-json\/wp\/v2\/types\/page"}],"author":[{"embeddable":true,"href":"https:\/\/svwolfersweiler.de\/blog\/wp-json\/wp\/v2\/users\/1"}],"replies":[{"embeddable":true,"href":"https:\/\/svwolfersweiler.de\/blog\/wp-json\/wp\/v2\/comments?post=79"}],"version-history":[{"count":9,"href":"https:\/\/svwolfersweiler.de\/blog\/wp-json\/wp\/v2\/pages\/79\/revisions"}],"predecessor-version":[{"id":1938,"href":"https:\/\/svwolfersweiler.de\/blog\/wp-json\/wp\/v2\/pages\/79\/revisions\/1938"}],"wp:attachment":[{"href":"https:\/\/svwolfersweiler.de\/blog\/wp-json\/wp\/v2\/media?parent=79"}],"curies":[{"name":"wp","href":"https:\/\/api.w.org\/{rel}","templated":true}]}}